{"id":144,"date":"2022-11-26T22:24:22","date_gmt":"2022-11-26T22:24:22","guid":{"rendered":"https:\/\/ecolemariamontessorischool.ca\/ottawa\/?page_id=144"},"modified":"2023-01-29T16:03:26","modified_gmt":"2023-01-29T16:03:26","slug":"a-propos","status":"publish","type":"page","link":"http:\/\/ecolemariamontessorischool.ca\/ottawa\/fr\/a-propos\/","title":{"rendered":"A propos"},"content":{"rendered":"\n<h5 class=\"has-normal-font-size wp-block-heading\">Franco-Canadienne \u00e9tablie \u00e0 Ottawa, Katy est la fondatrice de l\u2019\u00c9cole Maria Montessori School.<\/h5>\n\n\n\n<blockquote class=\"wp-block-quote is-style-plain is-layout-flow wp-block-quote-is-layout-flow\">\n<p class=\"has-normal-font-size\">\u00c9ducatrice Association Montessori Internationale (AMI) form\u00e9e et dipl\u00f4m\u00e9e au Canada et en France, elle fait partie des quelques enseignants bilingues Canadiens accr\u00e9dit\u00e9e AMI pour <strong>enseigner aux enfants de 3 ans \u00e0 12 ans<\/strong>.<\/p>\n\n\n\n<p>Enseignante depuis 2009, Katy a successivement accompagn\u00e9e les <strong>enfants en anglais et en fran\u00e7ais<\/strong> \u00e0 Toronto et Ottawa en tant qu\u2019assistante, co-enseignante puis \u00a0enseignante.<\/p>\n<\/blockquote>\n\n\n\n<h5 class=\"has-normal-font-size wp-block-heading\">Dipl\u00f4mes Association Montessori Internationale (AMI)<\/h5>\n\n\n\n<div class=\"wp-block-group is-vertical is-layout-flex wp-container-core-group-is-layout-8cf370e7 wp-block-group-is-layout-flex\">\n<p>Toronto (Ontario) &#8211; Dipl\u00f4m\u00e9e 3-6 ans<\/p>\n\n\n\n<p><em>Foundation for Montessori Education (FME)<\/em><\/p>\n\n\n\n<p>France &#8211; Dipl\u00f4m\u00e9e 6-12 ans<\/p>\n\n\n\n<p><em>Centre de Formation Montessori Francophonie (CFMF)<\/em><\/p>\n<\/div>\n\n\n\n<p>Fortement attach\u00e9e aux principes du Dr Maria Montessori et passionn\u00e9e, elle s\u2019engage et encourage les futurs enseignants AMI 6-12 ans en tant que lectrice et correctrice dans leur apprentissage.<\/p>\n\n\n\n<h5 class=\"has-normal-font-size wp-block-heading\">Membre de l\u2019Association Montessori Internationale Canada<\/h5>\n\n\n\n<figure class=\"wp-block-image\"><img loading=\"lazy\" decoding=\"async\" width=\"1024\" height=\"683\" src=\"http:\/\/ecolemariamontessorischool.ca\/ottawa\/wp-content\/uploads\/2022\/11\/amicanada-logo-1024x683.jpg\" alt=\"\" class=\"wp-image-42\" srcset=\"http:\/\/ecolemariamontessorischool.ca\/ottawa\/wp-content\/uploads\/2022\/11\/amicanada-logo-1024x683.jpg 1024w, http:\/\/ecolemariamontessorischool.ca\/ottawa\/wp-content\/uploads\/2022\/11\/amicanada-logo-300x200.jpg 300w, http:\/\/ecolemariamontessorischool.ca\/ottawa\/wp-content\/uploads\/2022\/11\/amicanada-logo-768x512.jpg 768w, http:\/\/ecolemariamontessorischool.ca\/ottawa\/wp-content\/uploads\/2022\/11\/amicanada-logo-1536x1024.jpg 1536w, http:\/\/ecolemariamontessorischool.ca\/ottawa\/wp-content\/uploads\/2022\/11\/amicanada-logo-2048x1365.jpg 2048w, http:\/\/ecolemariamontessorischool.ca\/ottawa\/wp-content\/uploads\/2022\/11\/amicanada-logo-1200x800.jpg 1200w, http:\/\/ecolemariamontessorischool.ca\/ottawa\/wp-content\/uploads\/2022\/11\/amicanada-logo-1980x1320.jpg 1980w\" sizes=\"auto, (max-width: 1024px) 100vw, 1024px\" \/><\/figure>\n","protected":false},"excerpt":{"rendered":"<p>Franco-Canadienne \u00e9tablie \u00e0 Ottawa, Katy est la fondatrice de l\u2019\u00c9cole Maria Montessori School. \u00c9ducatrice Association Montessori Internationale (AMI) form\u00e9e et dipl\u00f4m\u00e9e au Canada et en France, elle fait partie des quelques enseignants bilingues Canadiens accr\u00e9dit\u00e9e AMI pour enseigner aux enfants de 3 ans \u00e0 12 ans. Enseignante depuis 2009, Katy a successivement accompagn\u00e9e les enfants [&hellip;]<\/p>\n","protected":false},"author":1,"featured_media":0,"parent":0,"menu_order":0,"comment_status":"closed","ping_status":"closed","template":"","meta":{"footnotes":""},"class_list":["post-144","page","type-page","status-publish","hentry"],"_links":{"self":[{"href":"http:\/\/ecolemariamontessorischool.ca\/ottawa\/wp-json\/wp\/v2\/pages\/144","targetHints":{"allow":["GET"]}}],"collection":[{"href":"http:\/\/ecolemariamontessorischool.ca\/ottawa\/wp-json\/wp\/v2\/pages"}],"about":[{"href":"http:\/\/ecolemariamontessorischool.ca\/ottawa\/wp-json\/wp\/v2\/types\/page"}],"author":[{"embeddable":true,"href":"http:\/\/ecolemariamontessorischool.ca\/ottawa\/wp-json\/wp\/v2\/users\/1"}],"replies":[{"embeddable":true,"href":"http:\/\/ecolemariamontessorischool.ca\/ottawa\/wp-json\/wp\/v2\/comments?post=144"}],"version-history":[{"count":19,"href":"http:\/\/ecolemariamontessorischool.ca\/ottawa\/wp-json\/wp\/v2\/pages\/144\/revisions"}],"predecessor-version":[{"id":179,"href":"http:\/\/ecolemariamontessorischool.ca\/ottawa\/wp-json\/wp\/v2\/pages\/144\/revisions\/179"}],"wp:attachment":[{"href":"http:\/\/ecolemariamontessorischool.ca\/ottawa\/wp-json\/wp\/v2\/media?parent=144"}],"curies":[{"name":"wp","href":"https:\/\/api.w.org\/{rel}","templated":true}]}}